{"id":747,"date":"2024-11-22T23:01:22","date_gmt":"2024-11-22T23:01:22","guid":{"rendered":"https:\/\/dubrovnik-airport-carhire.com\/o-nama\/"},"modified":"2025-01-31T10:44:17","modified_gmt":"2025-01-31T10:44:17","slug":"o-nama","status":"publish","type":"page","link":"https:\/\/dubrovnik-airport-carhire.com\/hr\/o-nama\/","title":{"rendered":"O nama"},"content":{"rendered":"\n<p>EasyRent je lokalna kompanija sa sjedi\u0161tem u Dubrovniku. Nakon mnogo godina rada u internacionalnim fran\u0161iznim tvrtkama te dobrog uvida u sve manjkavosti takvih velikih i uglavnom bezli\u010dnih sustava, 2009. godine odlu\u010dili smo pokrenuti vlastiti biznis gdje smo u prvi plan stavili zadovoljstvo klijenta pru\u017eenom uslugom.<\/p>\n\n<p>Iskusno i prijateljski nastrojeno osoblje, direktan kontakt i rezervacije, jednostavan proces unajmljivanja vozila li\u0161en nepotrebne papirologije te dugih \u010dekanja, fleksibilne opcije pla\u0107anja &#8211; samo su neke od prednosti na\u0161e male kompanije.&#13;\n&#13;\nMo\u017eda nismo najjeftiniji, ali pogo\u0111en omjer cijene i kvalitete jam\u010di da \u0107ete imati ugodno iskustvo.&#13;\n&#13;\n<strong>Dobrodo\u0161li!<\/strong><\/p>\n","protected":false},"excerpt":{"rendered":"<p>EasyRent je lokalna kompanija sa sjedi\u0161tem u Dubrovniku. Nakon mnogo godina rada u internacionalnim fran\u0161iznim tvrtkama te dobrog uvida u sve manjkavosti takvih velikih i uglavnom bezli\u010dnih sustava, 2009. godine odlu\u010dili smo pokrenuti vlastiti biznis gdje smo u prvi plan stavili zadovoljstvo klijenta pru\u017eenom uslugom. Iskusno i prijateljski nastrojeno osoblje, direktan kontakt i rezervacije, jednostavan&#8230;<\/p>\n","protected":false},"author":1,"featured_media":0,"parent":0,"menu_order":0,"comment_status":"closed","ping_status":"closed","template":"","meta":{"_kad_blocks_custom_css":"","_kad_blocks_head_custom_js":"","_kad_blocks_body_custom_js":"","_kad_blocks_footer_custom_js":"","_kad_post_transparent":"","_kad_post_title":"","_kad_post_layout":"","_kad_post_sidebar_id":"","_kad_post_content_style":"","_kad_post_vertical_padding":"","_kad_post_feature":"","_kad_post_feature_position":"","_kad_post_header":false,"_kad_post_footer":false,"footnotes":""},"class_list":["post-747","page","type-page","status-publish","hentry"],"taxonomy_info":[],"featured_image_src_large":false,"author_info":{"display_name":"admin","author_link":"https:\/\/dubrovnik-airport-carhire.com\/hr\/author\/dubrov20_wp\/"},"comment_info":0,"_links":{"self":[{"href":"https:\/\/dubrovnik-airport-carhire.com\/hr\/wp-json\/wp\/v2\/pages\/747","targetHints":{"allow":["GET"]}}],"collection":[{"href":"https:\/\/dubrovnik-airport-carhire.com\/hr\/wp-json\/wp\/v2\/pages"}],"about":[{"href":"https:\/\/dubrovnik-airport-carhire.com\/hr\/wp-json\/wp\/v2\/types\/page"}],"author":[{"embeddable":true,"href":"https:\/\/dubrovnik-airport-carhire.com\/hr\/wp-json\/wp\/v2\/users\/1"}],"replies":[{"embeddable":true,"href":"https:\/\/dubrovnik-airport-carhire.com\/hr\/wp-json\/wp\/v2\/comments?post=747"}],"version-history":[{"count":1,"href":"https:\/\/dubrovnik-airport-carhire.com\/hr\/wp-json\/wp\/v2\/pages\/747\/revisions"}],"predecessor-version":[{"id":748,"href":"https:\/\/dubrovnik-airport-carhire.com\/hr\/wp-json\/wp\/v2\/pages\/747\/revisions\/748"}],"wp:attachment":[{"href":"https:\/\/dubrovnik-airport-carhire.com\/hr\/wp-json\/wp\/v2\/media?parent=747"}],"curies":[{"name":"wp","href":"https:\/\/api.w.org\/{rel}","templated":true}]}}