{"id":741,"date":"2024-11-22T23:03:21","date_gmt":"2024-11-22T23:03:21","guid":{"rendered":"https:\/\/dubrovnik-airport-carhire.com\/cijene\/"},"modified":"2025-02-02T13:19:40","modified_gmt":"2025-02-02T13:19:40","slug":"cijene","status":"publish","type":"page","link":"https:\/\/dubrovnik-airport-carhire.com\/hr\/cijene\/","title":{"rendered":"Cijene"},"content":{"rendered":"\n<p><strong>UKLJU\u010cENO:<\/strong><\/p>\n\n<p>Neograni\u010dena kilometra\u017ea<\/p>\n\n<p>Osiguranje od autoodgovornosti<\/p>\n\n<p>Kasko osiguranje<\/p>\n\n<p>Osiguranje od kra\u0111e<\/p>\n\n<p>Zeleni karton za Crnu Goru<\/p>\n\n<p>Zeleni karton za BiH<\/p>\n\n<p>Dopu\u0161tenje za trajekt<\/p>\n\n<p>Dostava na Va\u0161u adresu<\/p>\n\n<p>0-24 pomo\u0107 na cesti<\/p>\n\n<p>Politika goriva: pun tank &#8211; pun tank<\/p>\n\n<p>PDV 25%<\/p>\n\n<p>Besplatno otkazivanje<\/p>\n\n<p>Karta<\/p>\n\n<p><strong>NIJE UKLJU\u010cENO:<\/strong><\/p>\n\n<p>Gorivo<\/p>\n\n<p>Dodatna oprema<\/p>\n\n<p>Naknada za jednosmjeran najam unutar RH <\/p>\n\n<p>Naknada za jednosmjeran najam izvan RH<\/p>\n\n<p>Preuzimanje izvan radnog vremena<\/p>\n\n<p>Dodatno osiguranje<\/p>\n<style>.wp-block-kadence-advancedheading.kt-adv-heading18_d7e0c7-29, .wp-block-kadence-advancedheading.kt-adv-heading18_d7e0c7-29[data-kb-block=\"kb-adv-heading18_d7e0c7-29\"]{font-style:normal;}.wp-block-kadence-advancedheading.kt-adv-heading18_d7e0c7-29 mark.kt-highlight, .wp-block-kadence-advancedheading.kt-adv-heading18_d7e0c7-29[data-kb-block=\"kb-adv-heading18_d7e0c7-29\"] mark.kt-highlight{font-style:normal;color:#f76a0c;-webkit-box-decoration-break:clone;box-decoration-break:clone;padding-top:0px;padding-right:0px;padding-bottom:0px;padding-left:0px;}<\/style>\n<p class=\"kt-adv-heading18_d7e0c7-29 wp-block-kadence-advancedheading\" data-kb-block=\"kb-adv-heading18_d7e0c7-29\"><strong>DODATNA OPREMA:<\/strong><\/p>\n\n<p>Dje\u010dje sjedalice<\/p>\n\n<p>GPS Navigacija<\/p>\n\n<p>Krovni nosa\u010di i kutija<\/p>\n\n<p>Zimske gume<\/p>\n\n<p>Lanci za snijeg<\/p>\n\n<p>*dostupno uz prethodni zahtjev<\/p>\n","protected":false},"excerpt":{"rendered":"<p>UKLJU\u010cENO: Neograni\u010dena kilometra\u017ea Osiguranje od autoodgovornosti Kasko osiguranje Osiguranje od kra\u0111e Zeleni karton za Crnu Goru Zeleni karton za BiH Dopu\u0161tenje za trajekt Dostava na Va\u0161u adresu 0-24 pomo\u0107 na cesti Politika goriva: pun tank &#8211; pun tank PDV 25% Besplatno otkazivanje Karta NIJE UKLJU\u010cENO: Gorivo Dodatna oprema Naknada za jednosmjeran najam unutar RH Naknada&#8230;<\/p>\n","protected":false},"author":1,"featured_media":0,"parent":0,"menu_order":0,"comment_status":"closed","ping_status":"closed","template":"","meta":{"_kad_blocks_custom_css":"","_kad_blocks_head_custom_js":"","_kad_blocks_body_custom_js":"","_kad_blocks_footer_custom_js":"","_kad_post_transparent":"","_kad_post_title":"","_kad_post_layout":"","_kad_post_sidebar_id":"","_kad_post_content_style":"","_kad_post_vertical_padding":"","_kad_post_feature":"","_kad_post_feature_position":"","_kad_post_header":false,"_kad_post_footer":false,"footnotes":""},"class_list":["post-741","page","type-page","status-publish","hentry"],"taxonomy_info":[],"featured_image_src_large":false,"author_info":{"display_name":"admin","author_link":"https:\/\/dubrovnik-airport-carhire.com\/hr\/author\/dubrov20_wp\/"},"comment_info":0,"_links":{"self":[{"href":"https:\/\/dubrovnik-airport-carhire.com\/hr\/wp-json\/wp\/v2\/pages\/741","targetHints":{"allow":["GET"]}}],"collection":[{"href":"https:\/\/dubrovnik-airport-carhire.com\/hr\/wp-json\/wp\/v2\/pages"}],"about":[{"href":"https:\/\/dubrovnik-airport-carhire.com\/hr\/wp-json\/wp\/v2\/types\/page"}],"author":[{"embeddable":true,"href":"https:\/\/dubrovnik-airport-carhire.com\/hr\/wp-json\/wp\/v2\/users\/1"}],"replies":[{"embeddable":true,"href":"https:\/\/dubrovnik-airport-carhire.com\/hr\/wp-json\/wp\/v2\/comments?post=741"}],"version-history":[{"count":5,"href":"https:\/\/dubrovnik-airport-carhire.com\/hr\/wp-json\/wp\/v2\/pages\/741\/revisions"}],"predecessor-version":[{"id":754,"href":"https:\/\/dubrovnik-airport-carhire.com\/hr\/wp-json\/wp\/v2\/pages\/741\/revisions\/754"}],"wp:attachment":[{"href":"https:\/\/dubrovnik-airport-carhire.com\/hr\/wp-json\/wp\/v2\/media?parent=741"}],"curies":[{"name":"wp","href":"https:\/\/api.w.org\/{rel}","templated":true}]}}