{"id":749,"date":"2024-11-22T23:05:14","date_gmt":"2024-11-22T23:05:14","guid":{"rendered":"https:\/\/dubrovnik-airport-carhire.com\/termes-et-conditions\/"},"modified":"2025-08-13T19:50:09","modified_gmt":"2025-08-13T19:50:09","slug":"termes-et-conditions","status":"publish","type":"page","link":"https:\/\/dubrovnik-airport-carhire.com\/fr\/termes-et-conditions\/","title":{"rendered":"Termes et conditions"},"content":{"rendered":"\n<p><p id=\"tw-target-text\" class=\"tw-data-text tw-text-large tw-ta\" dir=\"ltr\" data-placeholder=\"Translation\" data-ved=\"2ahUKEwiE0q6_qpuLAxUY_7sIHbpjGBIQ3ewLegQIARAV\" aria-label=\"Translated text: RESTRICTIONS D'&#xC2;GE\"><span class=\"Y2IQFc\" lang=\"fr\">RESTRICTIONS D&rsquo;\u00c2GE<\/span><\/p><\/p>\n\n\n\n<p>L&rsquo;\u00e2ge minimum du conducteur est de 18 ans. Les jeunes conducteurs (18 \u00e0 21 ans) s&rsquo;inscrivent moyennant des frais suppl\u00e9mentaires. Un conducteur doit \u00eatre titulaire d&rsquo;un permis depuis au moins deux ans. Des exceptions peuvent s&rsquo;appliquer, veuillez nous contacter pour plus de d\u00e9tails.\nLes conducteurs seniors (\u00e2g\u00e9s de 80 ans et plus) s&rsquo;inscrivent moyennant des frais suppl\u00e9mentaires.<\/p>\n\n\n\n<p>Les locataires internationaux doivent pr\u00e9senter un permis valide de leur pays de r\u00e9sidence. Les permis de conduire enti\u00e8rement imprim\u00e9s en alphabet non romain (arabe, chinois, cyrillique, etc.) doivent \u00eatre accompagn\u00e9s d&rsquo;un permis de conduire international.<\/p>\n\n\n\n<p><strong>TARIFS<\/strong><\/p>\n\n\n\n<p>Le tarif minimum de location est d&rsquo;une journ\u00e9e (24 heures). Une heure suppl\u00e9mentaire (0-59 minutes) est gratuite. Au-del\u00e0 d&rsquo;une heure suppl\u00e9mentaire (60 minutes et plus), une journ\u00e9e suppl\u00e9mentaire est factur\u00e9e.<\/p>\n\n\n\n<p><strong>PROLONGATION DE LOCATION<\/strong><\/p>\n\n\n\n<p>Si le client souhaite prolonger la location au-del\u00e0 de la dur\u00e9e convenue, il devra en informer l&rsquo;agence de location au moins 24 heures \u00e0 l&rsquo;avance afin de permettre la prolongation de la couverture d&rsquo;assurance pour une p\u00e9riode suppl\u00e9mentaire. Sous r\u00e9serve de confirmation du bureau de location.<\/p>\n\n\n\n<p><strong>R\u00c9SERVATIONS<\/strong><\/p>\n\n\n\n<p>Confirmation possible uniquement pour une cat\u00e9gorie de v\u00e9hicule, et non pour un type de v\u00e9hicule sp\u00e9cifique. Toutes les r\u00e9servations sont sur demande, sous r\u00e9serve de disponibilit\u00e9.<\/p>\n\n\n\n<p>Nous r\u00e9pondrons \u00e0 votre demande dans les plus brefs d\u00e9lais, au plus tard dans les 12 heures. En l&rsquo;absence de r\u00e9ponse dans ce d\u00e9lai, veuillez v\u00e9rifier vos courriers ind\u00e9sirables ou nous recontacter.<\/p>\n\n\n\n<p>Pour toute demande urgente, veuillez nous appeler (ou envoyer un SMS\/WhatsApp\/Viber) au 00385 98 19 52 114 (Mihajlo).<\/p>\n\n\n\n<p>Si votre demande est accept\u00e9e, nous vous enverrons une confirmation \u00e9crite avec votre num\u00e9ro de r\u00e9servation.<\/p>\n\n\n\n<p>Aucun pr\u00e9paiement ni num\u00e9ro de carte bancaire ne sont requis&nbsp;; <strong><em>le paiement int\u00e9gral s&rsquo;effectue au moment de la prise en charge<\/em><\/strong> (sauf accord contraire).<\/p>\n\n\n\n<p><strong>ANNULATIONS<\/strong><\/p>\n\n\n\n<p>Vous pouvez annuler votre r\u00e9servation sans frais. Cependant, si vous devez annuler, veuillez nous en informer au plus vite afin que nous ne conservions pas le v\u00e9hicule sans raison.<\/p>\n\n\n\n<p>Si vous restituez le v\u00e9hicule avant la fin de la p\u00e9riode de location, vous ne pourrez pas r\u00e9cup\u00e9rer les frais de location pr\u00e9pay\u00e9s non utilis\u00e9s.<\/p>\n\n\n\n<p><strong>DOCUMENTATION N\u00c9CESSAIRE <\/strong><\/p>\n\n\n\n<p>Pour pouvoir r\u00e9cup\u00e9rer votre voiture de location, vous devez pr\u00e9senter les documents suivants : <\/p>\n\n\n\n<p>&#8211; passeport ou carte d&rsquo;identit\u00e9 valide<\/p>\n\n\n\n<p> &#8211; permis de conduire valide<\/p>\n\n\n\n<p> &#8211; carte de cr\u00e9dit ou carte de d\u00e9bit pour le paiement et le d\u00e9p\u00f4t de garantie<\/p>\n\n\n\n<p><strong>D\u00c9P\u00d4T DE GARANTIE<\/strong><\/p>\n\n\n\n<p>Selon la taille de la voiture et le niveau d&rsquo;assurance, le d\u00e9p\u00f4t de garantie se situe entre 100&nbsp;EUR et 2&nbsp;000&nbsp;EUR. Il peut \u00eatre bloqu\u00e9 sur une carte de cr\u00e9dit ou de d\u00e9bit ou, dans certains cas, \u00eatre laiss\u00e9 en esp\u00e8ces.<\/p>\n\n\n\n<p><strong><em>Les cartes de d\u00e9bit sont accept\u00e9es<\/em><\/strong> pour le d\u00e9p\u00f4t de garantie !<\/p>\n\n\n\n<p>Le d\u00e9p\u00f4t de garantie sera lib\u00e9r\u00e9\/d\u00e9bloqu\u00e9 <em><strong>imm\u00e9diatement<\/strong><\/em> apr\u00e8s le retour de la voiture de la location.<\/p>\n\n\n\n<p><strong>POLITIQUE CARBURANT<\/strong><\/p>\n\n\n\n<p>EasyRent applique une politique de carburant <em><strong>plein \u00e0 plein<\/strong><\/em>, ce qui signifie que le v\u00e9hicule re\u00e7u doit avoir un r\u00e9servoir plein du bon carburant et \u00eatre restitu\u00e9 plein afin d&rsquo;\u00e9viter des frais de ravitaillement. Dans de rares occasions, o\u00f9 il n&rsquo;a pas \u00e9t\u00e9 possible de fournir un v\u00e9hicule avec un r\u00e9servoir plein de carburant, nous nous attendons \u00e0 ce que le v\u00e9hicule soit restitu\u00e9 avec le m\u00eame niveau de carburant que celui lou\u00e9. Si vous retournez avec moins de carburant que celui re\u00e7u, des frais de service de ravitaillement vous seront factur\u00e9s 30&nbsp;EUR plus le co\u00fbt du carburant manquant.<\/p>\n\n\n\n<p>Si vous s\u00e9lectionnez l\u2019option de carburant pr\u00e9pay\u00e9, vous paierez d\u2019avance un r\u00e9servoir plein et restituerez le v\u00e9hicule avec le carburant restant. EasyRent ne vous remboursera pas le carburant non utilis\u00e9 dans ce cas.<\/p>\n\n\n\n<p><strong>P\u00c9AGES AUTOROUTIERS \/ AMENDES DE CIRCULATION ET DE STATIONNEMENT<\/strong><\/p>\n\n\n\n<p>En cas de non-paiement du p\u00e9age autoroutier, le client sera factur\u00e9 40 EUR pour frais administratifs en plus du p\u00e9age autoroutier lui-m\u00eame.\n\nEn cas de non-paiement des amendes de circulation ou de stationnement, le client sera factur\u00e9 40 EUR pour frais administratifs en plus des amendes elles-m\u00eames.<\/p>\n\n\n\n<p><strong>MODES DE PAIEMENT<\/strong><\/p>\n\n\n\n<p>Toutes les principales <em><strong>cartes de cr\u00e9dit<\/strong><\/em> sont accept\u00e9es : American Express, MasterCard, VISA, Union Pay) Les <em><strong>cartes de d\u00e9bit<\/strong><\/em> (VISA Premier, Revolut, VISA Electron, Maestro..) sont \u00e9galement accept\u00e9es ainsi que les paiements en <em><strong>esp\u00e8ces<\/strong><\/em> et PayPal.<\/p>\n\n\n\n<p><strong>LOCATIONS ALLER SIMPLES<\/strong><\/p>\n\n\n\n<p>Des locations aller simple nationales et internationales sont disponibles sur demande.<\/p>\n\n\n\n<p>Pour les locations aller simple nationales (en Croatie), des frais suppl\u00e9mentaires peuvent s&rsquo;appliquer. Dans ce cas, vous en serez inform\u00e9 avant la confirmation de r\u00e9servation.<\/p>\n\n\n\n<p>Les locations aller simple internationales entra\u00eenent toujours un suppl\u00e9ment, dont le montant exact d\u00e9pend du lieu de restitution, du type de v\u00e9hicule et de la dur\u00e9e de la location. Veuillez nous contacter pour plus de d\u00e9tails avant de r\u00e9server.<\/p>\n\n\n\n<p><strong>LOCATIONS TRANSFRONTALIERES<\/strong><\/p>\n\n\n\n<p>Les locations transfrontali\u00e8res sont autoris\u00e9es dans les pays suivants <em><strong>sans frais suppl\u00e9mentaires<\/strong><\/em>&nbsp;: Bosnie-Herz\u00e9govine et Mont\u00e9n\u00e9gro.<\/p>\n\n\n\n<p>Uniquement avec pr\u00e9avis \u00e0 EasyRent, les locations transfrontali\u00e8res sont autoris\u00e9es dans les pays suivants\u00a0: Kosovo, Albanie, Serbie, Slov\u00e9nie, Hongrie, Italie, Autriche. Des frais suppl\u00e9mentaires peuvent s\u2019appliquer \u2013 contactez-nous pour plus de d\u00e9tails.<\/p>\n\n\n\n<p><strong>ASSISTANCE D\u00c9PANNAGE<\/strong><\/p>\n\n\n\n<p> Pour tout d\u00e9faut m\u00e9canique du v\u00e9hicule lou\u00e9 pouvant survenir pendant la p\u00e9riode de location, EasyRent assure un d\u00e9pannage gratuit. Cependant, dans les cas o\u00f9 une panne ou un dommage r\u00e9sulte d&rsquo;une mauvaise utilisation ou d&rsquo;une n\u00e9gligence du conducteur (mauvais carburant, cl\u00e9s de voiture perdues ou endommag\u00e9es, batterie d\u00e9charg\u00e9e \u00e0 cause de phares laiss\u00e9s allum\u00e9s, conduite sur des routes non goudronn\u00e9es, etc.), le locataire sera tenu en d\u00e9tention. responsable des frais d\u2019assistance. Un d\u00e9pannage 0-24h est disponible au num\u00e9ro de t\u00e9l\u00e9phone suivant : 00385 91 60 49 430<\/p>\n\n\n\n<p><strong>ASSURANCE<\/strong><\/p>\n\n\n\n<p>Lors de la location d&rsquo;un v\u00e9hicule chez EasyRent, le client est responsable de restituer le v\u00e9hicule dans le m\u00eame \u00e9tat qu&rsquo;au d\u00e9but de la location, \u00e0 l&rsquo;exclusion de l&rsquo;usure normale et de la propret\u00e9.\n\nToutes les voitures lou\u00e9es chez EasyRent incluent une assurance responsabilit\u00e9 civile, un CDW (Collision Damage Waiver) et une protection contre le vol.<\/p>\n\n\n\n<p><strong>Limitation de responsabilit\u00e9 CDW (Collision Damage Waiver)<\/strong><\/p>\n\n\n\n<p>Cette limitation de responsabilit\u00e9 s&rsquo;applique aux dommages caus\u00e9s au v\u00e9hicule de location, \u00e0 ses pi\u00e8ces et accessoires lors d&rsquo;un accident de la route. CDW limite la responsabilit\u00e9 financi\u00e8re du client au montant exc\u00e9dentaire indiqu\u00e9 sur le contrat de location.<\/p>\n\n\n\n<p>Toutefois, CDW ne couvre pas les dommages \u00e0 l&rsquo;int\u00e9rieur du v\u00e9hicule de location, les dommages aux pneus et aux roues, les dommages au dessous du v\u00e9hicule, les cl\u00e9s cass\u00e9es ou perdues ou la contamination du carburant, ni en cas d&rsquo;intention d\u00e9lib\u00e9r\u00e9e ou de n\u00e9gligence.<\/p>\n\n\n\n<p>Inclus dans le prix de location, Montant de la franchise compris entre 800 EUR et 2000 EUR, selon la taille de la voiture.<\/p>\n\n\n\n<p><strong>R\u00e9sidents des \u00c9tats-Unis et du Canada<\/strong><\/p>\n\n\n\n<p>Si vous r\u00e9sidez aux \u00c9tats-Unis ou au Canada et que vous avez effectu\u00e9 une r\u00e9servation et que vous souhaitez exclure l&rsquo;assurance collision (CDW), seule la responsabilit\u00e9 civile sera prise en charge par nos soins. Vous pouvez acheter notre assurance collision ou d&rsquo;autres produits de protection. Si vous ne le faites pas, votre carte de cr\u00e9dit sera pr\u00e9autoris\u00e9e et responsable de nous payer le co\u00fbt total de toute perte ou dommage caus\u00e9 au v\u00e9hicule, y compris tous les frais pertinents et les frais administratifs. pour chaque incident. Dans ce cas, nous vous facturons le montant, puis vous le r\u00e9clamez aupr\u00e8s de votre compagnie d&rsquo;assurance\/carte de cr\u00e9dit.<\/p>\n\n\n\n<p><strong>Limitation de responsabilit\u00e9 TP (Theft Protection\/Waiver)<\/strong><\/p>\n\n\n\n<p>Cette limitation s&rsquo;applique en cas de perte du v\u00e9hicule de location, de ses pi\u00e8ces et accessoires (y compris les pneus, l&rsquo;\u00e9quipement st\u00e9r\u00e9o, etc.) \u00e0 la suite d&rsquo;un vol ou d&rsquo;une tentative de vol.<\/p>\n\n\n\n<p>TP limite la responsabilit\u00e9 financi\u00e8re des clients au montant exc\u00e9dentaire indiqu\u00e9 sur le contrat de location. Le TP n&rsquo;est pas valable si le v\u00e9hicule est laiss\u00e9 d\u00e9verrouill\u00e9 ou si les cl\u00e9s sont laiss\u00e9es sans surveillance avec le v\u00e9hicule.<\/p>\n\n\n\n<p>Inclus dans le prix de location, Montant de la franchise compris entre 800 EUR et 2000 EUR, selon la taille de la voiture.<\/p>\n\n\n\n<p><strong>LDW (Loss Damage Waiver) ou SCDW (Super Collision Damage Waiver)<\/strong><\/p>\n\n\n\n<p>En acceptant la responsabilit\u00e9 financi\u00e8re des clients LDW \/ SCDW pour les dommages accidentels au v\u00e9hicule, \u00e0 ses pi\u00e8ces et accessoires, le vol ou la tentative de vol est r\u00e9duit \u00e0 100 &#8211; 200 EUR, selon la taille de la voiture. Cependant LDW \/ SCDW ne couvre pas les dommages \u00e0 l&rsquo;int\u00e9rieur du v\u00e9hicule de location, les dommages aux pneus et aux roues, les dommages au dessous du v\u00e9hicule, les cl\u00e9s cass\u00e9es ou perdues ou la contamination du carburant, ni en cas d&rsquo;intention d\u00e9lib\u00e9r\u00e9e ou de n\u00e9gligence. Toute responsabilit\u00e9 de la part d&rsquo;EasyRent en cas de perte ou de dommage aux objets plac\u00e9s ou laiss\u00e9s dans le v\u00e9hicule de location est exclue dans la mesure permise par la loi.<\/p>\n\n\n\n<p>En option, tarif journalier compris entre 15 EUR et 30 EUR, selon le type de voiture.<\/p>\n\n\n\n<p><strong>WUG (Assurance roues, dessous de verre et vitres)<\/strong><\/p>\n\n\n\n<p>Assurance suppl\u00e9mentaire qui couvre les dommages aux roues, au dessous du v\u00e9hicule et aux vitres \u2013 sauf en cas d&rsquo;intention d\u00e9lib\u00e9r\u00e9e, de n\u00e9gligence ou si la voiture roule sur des routes non goudronn\u00e9es.<\/p>\n\n\n\n<p>En option, tarif journalier compris entre 5 EUR et 10 EUR, selon le type de voiture.<\/p>\n\n\n\n<p><strong>N\u00e9gligence du conducteur<\/strong><\/p>\n\n\n\n<p>Tout dommage au v\u00e9hicule caus\u00e9 par la n\u00e9gligence du conducteur &#8211; tel qu&rsquo;un embrayage br\u00fbl\u00e9, tout dommage caus\u00e9 par la conduite sur des routes non goudronn\u00e9es (roues, pneus, dessous du v\u00e9hicule endommag\u00e9s; rayures caus\u00e9es par la v\u00e9g\u00e9tation), le stationnement de la voiture sur des bordures de trottoir \u00e9lev\u00e9es, endommag\u00e9 ou cl\u00e9s de voiture perdues, tout dommage \u00e0 l&rsquo;int\u00e9rieur de la voiture, etc. &#8211; seront factur\u00e9s au client le MONTANT TOTAL DES CO\u00dbTS DE R\u00c9PARATION, quel que soit le niveau d&rsquo;assurance.<\/p>\n\n\n\n<p>Si le client a utilis\u00e9 le mauvais carburant lors du remplissage de la voiture, le MONTANT TOTAL DES CO\u00dbTS DE R\u00c9PARATION lui sera factur\u00e9.<\/p>\n\n\n\n<p>Tout dommage au v\u00e9hicule caus\u00e9 par un conducteur non autoris\u00e9 (non nomm\u00e9 sur le contrat de location) ou par toute personne sous l&rsquo;influence d&rsquo;alcool, de barbituriques, de stup\u00e9fiants, de drogues hallucinatoires ou autres, sera factur\u00e9 au client pour le MONTANT TOTAL DU CO\u00dbT DE R\u00c9PARATION.<\/p>\n\n\n\n<p>Les tarifs et conditions sont sujets \u00e0 changement sans pr\u00e9avis.<\/p>\n","protected":false},"excerpt":{"rendered":"<p>RESTRICTIONS D&rsquo;\u00c2GE L&rsquo;\u00e2ge minimum du conducteur est de 18 ans. Les jeunes conducteurs (18 \u00e0 21 ans) s&rsquo;inscrivent moyennant des frais suppl\u00e9mentaires. Un conducteur doit \u00eatre titulaire d&rsquo;un permis depuis au moins deux ans. Des exceptions peuvent s&rsquo;appliquer, veuillez nous contacter pour plus de d\u00e9tails. Les conducteurs seniors (\u00e2g\u00e9s de 80 ans et plus) s&rsquo;inscrivent&#8230;<\/p>\n","protected":false},"author":1,"featured_media":0,"parent":0,"menu_order":0,"comment_status":"closed","ping_status":"closed","template":"","meta":{"_kad_blocks_custom_css":"","_kad_blocks_head_custom_js":"","_kad_blocks_body_custom_js":"","_kad_blocks_footer_custom_js":"","_kad_post_transparent":"","_kad_post_title":"","_kad_post_layout":"","_kad_post_sidebar_id":"","_kad_post_content_style":"","_kad_post_vertical_padding":"","_kad_post_feature":"","_kad_post_feature_position":"","_kad_post_header":false,"_kad_post_footer":false,"footnotes":""},"class_list":["post-749","page","type-page","status-publish","hentry"],"taxonomy_info":[],"featured_image_src_large":false,"author_info":{"display_name":"admin","author_link":"https:\/\/dubrovnik-airport-carhire.com\/fr\/author\/dubrov20_wp\/"},"comment_info":0,"_links":{"self":[{"href":"https:\/\/dubrovnik-airport-carhire.com\/fr\/wp-json\/wp\/v2\/pages\/749","targetHints":{"allow":["GET"]}}],"collection":[{"href":"https:\/\/dubrovnik-airport-carhire.com\/fr\/wp-json\/wp\/v2\/pages"}],"about":[{"href":"https:\/\/dubrovnik-airport-carhire.com\/fr\/wp-json\/wp\/v2\/types\/page"}],"author":[{"embeddable":true,"href":"https:\/\/dubrovnik-airport-carhire.com\/fr\/wp-json\/wp\/v2\/users\/1"}],"replies":[{"embeddable":true,"href":"https:\/\/dubrovnik-airport-carhire.com\/fr\/wp-json\/wp\/v2\/comments?post=749"}],"version-history":[{"count":10,"href":"https:\/\/dubrovnik-airport-carhire.com\/fr\/wp-json\/wp\/v2\/pages\/749\/revisions"}],"predecessor-version":[{"id":1106,"href":"https:\/\/dubrovnik-airport-carhire.com\/fr\/wp-json\/wp\/v2\/pages\/749\/revisions\/1106"}],"wp:attachment":[{"href":"https:\/\/dubrovnik-airport-carhire.com\/fr\/wp-json\/wp\/v2\/media?parent=749"}],"curies":[{"name":"wp","href":"https:\/\/api.w.org\/{rel}","templated":true}]}}