{"id":688,"date":"2024-11-22T23:02:40","date_gmt":"2024-11-22T23:02:40","guid":{"rendered":"https:\/\/dubrovnik-airport-carhire.com\/contact\/"},"modified":"2025-01-27T08:13:24","modified_gmt":"2025-01-27T08:13:24","slug":"contact","status":"publish","type":"page","link":"https:\/\/dubrovnik-airport-carhire.com\/fr\/contact\/","title":{"rendered":"Contact"},"content":{"rendered":"\n<p><strong>COORDONN\u00c9ES DE L&rsquo;ENTREPRISE :<\/strong><\/p>\n\n<p>Kamen veliki d.o.o.<br\/>Obala Ante Star\u010devi\u0107a 25, Cavtat 20210, Croatia<br\/>OIB : 58243087082<br\/><br\/><\/p>\n\n<p><strong>COORDONN\u00c9ES BANCAIRES :<\/strong><\/p>\n\n<p>IBAN : HR6023400091110409074<br\/>SWIFT\/BIC : PBZGHR2X<br\/>Nom de la banque : Privredna Banka Zagreb d.d.<br\/><br\/><\/p>\n\n<p><strong>COORDONN\u00c9ES :<\/strong><\/p>\n\n<p>E-MAIL :<\/p>\n\n<p>informations :<br\/><a href=\"mailto:info@dubrovnik-airport-carhire.com\">info@dubrovnik-airport-carhire.com<\/a><br\/>r\u00e9servations :<br\/><a href=\"mailto:reservations@dubrovnik-airport-carhire.com\">reservations@dubrovnik-airport-carhire.com<\/a><br\/><br\/>T\u00c9L\u00c9PHONE :<br\/><br\/>Informations, r\u00e9servations et extensions de location<br\/>+385 98 19 52 114 (WhatsApp \/ SMS \/ Viber) <br\/><br\/><br\/><strong>ASSISTANCE D\u00c9PANNAGE (0-24h)<br\/> +385 91 604 94 30<\/strong><\/p>\n","protected":false},"excerpt":{"rendered":"<p>COORDONN\u00c9ES DE L&rsquo;ENTREPRISE : Kamen veliki d.o.o.Obala Ante Star\u010devi\u0107a 25, Cavtat 20210, CroatiaOIB : 58243087082 COORDONN\u00c9ES BANCAIRES : IBAN : HR6023400091110409074SWIFT\/BIC : PBZGHR2XNom de la banque : Privredna Banka Zagreb d.d. COORDONN\u00c9ES : E-MAIL : informations :info@dubrovnik-airport-carhire.comr\u00e9servations :reservations@dubrovnik-airport-carhire.com T\u00c9L\u00c9PHONE : Informations, r\u00e9servations et extensions de location+385 98 19 52 114 (WhatsApp \/ SMS \/ Viber)&#8230;<\/p>\n","protected":false},"author":1,"featured_media":0,"parent":0,"menu_order":0,"comment_status":"closed","ping_status":"closed","template":"","meta":{"_kad_blocks_custom_css":"","_kad_blocks_head_custom_js":"","_kad_blocks_body_custom_js":"","_kad_blocks_footer_custom_js":"","_kad_post_transparent":"","_kad_post_title":"","_kad_post_layout":"","_kad_post_sidebar_id":"","_kad_post_content_style":"","_kad_post_vertical_padding":"","_kad_post_feature":"","_kad_post_feature_position":"","_kad_post_header":false,"_kad_post_footer":false,"footnotes":""},"class_list":["post-688","page","type-page","status-publish","hentry"],"taxonomy_info":[],"featured_image_src_large":false,"author_info":{"display_name":"admin","author_link":"https:\/\/dubrovnik-airport-carhire.com\/fr\/author\/dubrov20_wp\/"},"comment_info":0,"_links":{"self":[{"href":"https:\/\/dubrovnik-airport-carhire.com\/fr\/wp-json\/wp\/v2\/pages\/688","targetHints":{"allow":["GET"]}}],"collection":[{"href":"https:\/\/dubrovnik-airport-carhire.com\/fr\/wp-json\/wp\/v2\/pages"}],"about":[{"href":"https:\/\/dubrovnik-airport-carhire.com\/fr\/wp-json\/wp\/v2\/types\/page"}],"author":[{"embeddable":true,"href":"https:\/\/dubrovnik-airport-carhire.com\/fr\/wp-json\/wp\/v2\/users\/1"}],"replies":[{"embeddable":true,"href":"https:\/\/dubrovnik-airport-carhire.com\/fr\/wp-json\/wp\/v2\/comments?post=688"}],"version-history":[{"count":3,"href":"https:\/\/dubrovnik-airport-carhire.com\/fr\/wp-json\/wp\/v2\/pages\/688\/revisions"}],"predecessor-version":[{"id":699,"href":"https:\/\/dubrovnik-airport-carhire.com\/fr\/wp-json\/wp\/v2\/pages\/688\/revisions\/699"}],"wp:attachment":[{"href":"https:\/\/dubrovnik-airport-carhire.com\/fr\/wp-json\/wp\/v2\/media?parent=688"}],"curies":[{"name":"wp","href":"https:\/\/api.w.org\/{rel}","templated":true}]}}