{"id":680,"date":"2024-11-22T23:01:22","date_gmt":"2024-11-22T23:01:22","guid":{"rendered":"https:\/\/dubrovnik-airport-carhire.com\/a-propos-de-nous\/"},"modified":"2025-01-21T13:50:56","modified_gmt":"2025-01-21T13:50:56","slug":"a-propos-de-nous","status":"publish","type":"page","link":"https:\/\/dubrovnik-airport-carhire.com\/fr\/a-propos-de-nous\/","title":{"rendered":"A propos de nous"},"content":{"rendered":"\n<p>EasyRent est une entreprise locale et familiale bas\u00e9e \u00e0 Dubrovnik, mais couvrant toute la r\u00e9gion avec la possibilit\u00e9 de prendre et de rendre votre voiture de location dans toutes les principales stations touristiques de Croatie et d&rsquo;autres pays voisins.<br\/><br\/>Comme son nom l&rsquo;indique, notre soci\u00e9t\u00e9 vous permettra d&rsquo;obtenir votre voiture de location de la mani\u00e8re la plus rapide et la plus simple. Apr\u00e8s avoir travaill\u00e9 pendant des ann\u00e9es pour de grandes marques, nous avons d\u00e9cid\u00e9 en 2009 de cr\u00e9er notre propre entreprise dont l&rsquo;objectif est de vous offrir, \u00e0 vous, nos clients, un produit enti\u00e8rement adapt\u00e9 \u00e0 vos besoins.<\/p>\n\n<p>Aujourd&rsquo;hui, plus de 15 ans plus tard, les commentaires tr\u00e8s positifs des clients pr\u00e9c\u00e9dents (consultez les <a href=\"https:\/\/www.google.com\/maps\/place\/Easy+Rent+%7C+Car+Hire+Dubrovnik+Airport\/@42.5597388,18.2608075,563m\/data=!3m2!1e3!4b1!4m6!3m5!1s0x134c123fd88c1f6d:0xa2a60c5cc6f93bb8!8m2!3d42.5597388!4d18.2608075!16s%2Fg%2F11cmcd92q7!5m1!1e1?entry=ttu&amp;g_ep=EgoyMDI0MTIxMS4wIKXMDSoASAFQAw%3D%3D\">avis sur Google Maps<\/a>) et les nombreux clients qui reviennent confirment que nous sommes dans la bonne direction.<br\/><br\/>Livraison gratuite \u00e0 l&rsquo;adresse de votre logement, personnel exp\u00e9riment\u00e9 et amical, approche personnelle de chaque client, r\u00e9servation directe sans commission d&rsquo;agent, pas de paperasserie inutile, pas de file d&rsquo;attente pour prendre et rendre la voiture, pas de cautions \u00e9lev\u00e9es d\u00e9raisonnables, options de paiement flexibles &#8211; ce ne sont l\u00e0 que quelques-unes des raisons de choisir notre soci\u00e9t\u00e9. Les nombreux clients qui reviennent confirment que nous sommes sur la bonne voie.<br\/><br\/>Nous ne sommes peut-\u00eatre pas les moins chers, mais nos tarifs raisonnables sans frais cach\u00e9s, associ\u00e9s \u00e0 un service de la plus haute qualit\u00e9, nous placent parmi les entreprises de location de voitures ayant le meilleur rapport qualit\u00e9-prix dans la r\u00e9gion de Dubrovnik.<br\/><br\/><strong>Louer une voiture devrait \u00eatre une exp\u00e9rience agr\u00e9able &#8211; donnez-nous une chance de vous montrer !<\/strong><\/p>\n","protected":false},"excerpt":{"rendered":"<p>EasyRent est une entreprise locale et familiale bas\u00e9e \u00e0 Dubrovnik, mais couvrant toute la r\u00e9gion avec la possibilit\u00e9 de prendre et de rendre votre voiture de location dans toutes les principales stations touristiques de Croatie et d&rsquo;autres pays voisins. Comme son nom l&rsquo;indique, notre soci\u00e9t\u00e9 vous permettra d&rsquo;obtenir votre voiture de location de la mani\u00e8re&#8230;<\/p>\n","protected":false},"author":1,"featured_media":0,"parent":0,"menu_order":0,"comment_status":"closed","ping_status":"closed","template":"","meta":{"_kad_blocks_custom_css":"","_kad_blocks_head_custom_js":"","_kad_blocks_body_custom_js":"","_kad_blocks_footer_custom_js":"","_kad_post_transparent":"","_kad_post_title":"","_kad_post_layout":"","_kad_post_sidebar_id":"","_kad_post_content_style":"","_kad_post_vertical_padding":"","_kad_post_feature":"","_kad_post_feature_position":"","_kad_post_header":false,"_kad_post_footer":false,"footnotes":""},"class_list":["post-680","page","type-page","status-publish","hentry"],"taxonomy_info":[],"featured_image_src_large":false,"author_info":{"display_name":"admin","author_link":"https:\/\/dubrovnik-airport-carhire.com\/fr\/author\/dubrov20_wp\/"},"comment_info":0,"_links":{"self":[{"href":"https:\/\/dubrovnik-airport-carhire.com\/fr\/wp-json\/wp\/v2\/pages\/680","targetHints":{"allow":["GET"]}}],"collection":[{"href":"https:\/\/dubrovnik-airport-carhire.com\/fr\/wp-json\/wp\/v2\/pages"}],"about":[{"href":"https:\/\/dubrovnik-airport-carhire.com\/fr\/wp-json\/wp\/v2\/types\/page"}],"author":[{"embeddable":true,"href":"https:\/\/dubrovnik-airport-carhire.com\/fr\/wp-json\/wp\/v2\/users\/1"}],"replies":[{"embeddable":true,"href":"https:\/\/dubrovnik-airport-carhire.com\/fr\/wp-json\/wp\/v2\/comments?post=680"}],"version-history":[{"count":1,"href":"https:\/\/dubrovnik-airport-carhire.com\/fr\/wp-json\/wp\/v2\/pages\/680\/revisions"}],"predecessor-version":[{"id":681,"href":"https:\/\/dubrovnik-airport-carhire.com\/fr\/wp-json\/wp\/v2\/pages\/680\/revisions\/681"}],"wp:attachment":[{"href":"https:\/\/dubrovnik-airport-carhire.com\/fr\/wp-json\/wp\/v2\/media?parent=680"}],"curies":[{"name":"wp","href":"https:\/\/api.w.org\/{rel}","templated":true}]}}