{"id":1122,"date":"2025-10-08T09:02:07","date_gmt":"2025-10-08T09:02:07","guid":{"rendered":"https:\/\/dubrovnik-airport-carhire.com\/?page_id=1122"},"modified":"2025-10-08T09:03:31","modified_gmt":"2025-10-08T09:03:31","slug":"politique-de-confidentialite","status":"publish","type":"page","link":"https:\/\/dubrovnik-airport-carhire.com\/fr\/politique-de-confidentialite\/","title":{"rendered":"Politique de Confidentialit\u00e9"},"content":{"rendered":"\n<p>Chez <strong>Dubrovnik Airport Car Hire<\/strong>, nous respectons votre vie priv\u00e9e et nous nous engageons \u00e0 prot\u00e9ger vos informations personnelles conform\u00e9ment au R\u00e8glement G\u00e9n\u00e9ral sur la Protection des Donn\u00e9es (RGPD).<\/p>\n\n\n\n<h3 class=\"wp-block-heading\">Informations que nous collectons<\/h3>\n\n\n\n<p>Lorsque vous utilisez notre formulaire de r\u00e9servation, nous pouvons vous demander de fournir :<\/p>\n\n\n\n<ul class=\"wp-block-list\">\n<li>Nom et pr\u00e9nom<\/li>\n\n\n\n<li>Adresse e-mail<\/li>\n\n\n\n<li>Num\u00e9ro de t\u00e9l\u00e9phone<\/li>\n\n\n\n<li>Adresse postale<\/li>\n<\/ul>\n\n\n\n<h3 class=\"wp-block-heading\">Utilisation de vos informations<\/h3>\n\n\n\n<p>Les informations que vous fournissez sont utilis\u00e9es <strong>uniquement pour traiter votre demande de r\u00e9servation<\/strong> et pour vous contacter \u00e0 ce sujet.<\/p>\n\n\n\n<h3 class=\"wp-block-heading\">Stockage des donn\u00e9es<\/h3>\n\n\n\n<p>Nous <strong>ne stockons pas, ne partageons pas et ne vendons pas<\/strong> vos informations personnelles. Les donn\u00e9es que vous soumettez via le formulaire sont envoy\u00e9es directement \u00e0 l\u2019adresse e-mail de notre administrateur (<strong><a>info@dubrovnik-airport-carhire.com<\/a><\/strong>) et ne sont pas conserv\u00e9es dans une base de donn\u00e9es ni dans un syst\u00e8me tiers.<\/p>\n\n\n\n<h3 class=\"wp-block-heading\">Vos droits RGPD<\/h3>\n\n\n\n<p>Conform\u00e9ment au RGPD, vous avez le droit de :<\/p>\n\n\n\n<ul class=\"wp-block-list\">\n<li>Demander l\u2019acc\u00e8s \u00e0 vos donn\u00e9es personnelles<\/li>\n\n\n\n<li>Demander la rectification ou la suppression de vos donn\u00e9es<\/li>\n\n\n\n<li>Retirer votre consentement \u00e0 tout moment<\/li>\n<\/ul>\n\n\n\n<p>Comme nous ne stockons pas vos informations, toute demande s\u2019appliquera uniquement aux messages envoy\u00e9s \u00e0 l\u2019e-mail de l\u2019administrateur.<\/p>\n\n\n\n<h3 class=\"wp-block-heading\">Contact<\/h3>\n\n\n\n<p>Pour toute question concernant cette Politique de Confidentialit\u00e9 ou vos droits en vertu du RGPD, veuillez nous contacter \u00e0 :<br><strong><a>info@dubrovnik-airport-carhire.com<\/a><\/strong><\/p>\n","protected":false},"excerpt":{"rendered":"<p>Chez Dubrovnik Airport Car Hire, nous respectons votre vie priv\u00e9e et nous nous engageons \u00e0 prot\u00e9ger vos informations personnelles conform\u00e9ment au R\u00e8glement G\u00e9n\u00e9ral sur la Protection des Donn\u00e9es (RGPD). Informations que nous collectons Lorsque vous utilisez notre formulaire de r\u00e9servation, nous pouvons vous demander de fournir : Utilisation de vos informations Les informations que vous&#8230;<\/p>\n","protected":false},"author":1,"featured_media":0,"parent":0,"menu_order":0,"comment_status":"closed","ping_status":"closed","template":"","meta":{"_kad_blocks_custom_css":"","_kad_blocks_head_custom_js":"","_kad_blocks_body_custom_js":"","_kad_blocks_footer_custom_js":"","_kad_post_transparent":"","_kad_post_title":"","_kad_post_layout":"","_kad_post_sidebar_id":"","_kad_post_content_style":"","_kad_post_vertical_padding":"","_kad_post_feature":"","_kad_post_feature_position":"","_kad_post_header":false,"_kad_post_footer":false,"footnotes":""},"class_list":["post-1122","page","type-page","status-publish","hentry"],"taxonomy_info":[],"featured_image_src_large":false,"author_info":{"display_name":"admin","author_link":"https:\/\/dubrovnik-airport-carhire.com\/fr\/author\/dubrov20_wp\/"},"comment_info":0,"_links":{"self":[{"href":"https:\/\/dubrovnik-airport-carhire.com\/fr\/wp-json\/wp\/v2\/pages\/1122","targetHints":{"allow":["GET"]}}],"collection":[{"href":"https:\/\/dubrovnik-airport-carhire.com\/fr\/wp-json\/wp\/v2\/pages"}],"about":[{"href":"https:\/\/dubrovnik-airport-carhire.com\/fr\/wp-json\/wp\/v2\/types\/page"}],"author":[{"embeddable":true,"href":"https:\/\/dubrovnik-airport-carhire.com\/fr\/wp-json\/wp\/v2\/users\/1"}],"replies":[{"embeddable":true,"href":"https:\/\/dubrovnik-airport-carhire.com\/fr\/wp-json\/wp\/v2\/comments?post=1122"}],"version-history":[{"count":1,"href":"https:\/\/dubrovnik-airport-carhire.com\/fr\/wp-json\/wp\/v2\/pages\/1122\/revisions"}],"predecessor-version":[{"id":1123,"href":"https:\/\/dubrovnik-airport-carhire.com\/fr\/wp-json\/wp\/v2\/pages\/1122\/revisions\/1123"}],"wp:attachment":[{"href":"https:\/\/dubrovnik-airport-carhire.com\/fr\/wp-json\/wp\/v2\/media?parent=1122"}],"curies":[{"name":"wp","href":"https:\/\/api.w.org\/{rel}","templated":true}]}}