{"id":686,"date":"2024-11-22T23:01:22","date_gmt":"2024-11-22T23:01:22","guid":{"rendered":"https:\/\/dubrovnik-airport-carhire.com\/sobre-nosotros\/"},"modified":"2025-01-21T13:51:36","modified_gmt":"2025-01-21T13:51:36","slug":"sobre-nosotros","status":"publish","type":"page","link":"https:\/\/dubrovnik-airport-carhire.com\/es\/sobre-nosotros\/","title":{"rendered":"Sobre nosotros"},"content":{"rendered":"\n<p>EasyRent es una empresa local y familiar con sede en Dubrovnik, pero que cubre toda la regi\u00f3n con posibilidad de recoger y devolver tu coche de alquiler en los principales centros tur\u00edsticos de Croacia y otros pa\u00edses cercanos.<br\/><br\/>Como su propio nombre indica, con nuestra empresa conseguir\u00e1s tu coche de alquiler de la forma m\u00e1s r\u00e1pida y sencilla. Despu\u00e9s de a\u00f1os trabajando para empresas de grandes marcas, all\u00e1 por 2009 decidimos montar nuestro propio negocio donde nuestro objetivo era ofreceros a Vosotros, nuestros clientes, el producto totalmente ajustado a vuestras necesidades.<\/p>\n\n<p>Ahora, m\u00e1s de 15 a\u00f1os despu\u00e9s, los comentarios muy positivos de clientes anteriores (consulta <a href=\"https:\/\/www.google.com\/maps\/place\/Easy+Rent+%7C+Car+Hire+Dubrovnik+Airport\/@42.5597388,18.2608075,563m\/data=!3m2!1e3!4b1!4m6!3m5!1s0x134c123fd88c1f6d:0xa2a60c5cc6f93bb8!8m2!3d42.5597388!4d18.2608075!16s%2Fg%2F11cmcd92q7!5m1!1e1?entry=ttu&amp;g_ep=EgoyMDI0MTIxMS4wIKXMDSoASAFQAw%3D%3D\">las rese\u00f1as de Google Maps<\/a>) y los numerosos clientes que vuelven confirman que vamos en la direcci\u00f3n correcta.<br\/><br\/>Entrega gratuita en la direcci\u00f3n de tu alojamiento, personal experimentado y amable, trato personal a cada cliente, reserva directa sin comisiones de agencia, sin papeleo innecesario, sin colas para recoger y devolver el coche, sin dep\u00f3sitos elevados y poco razonables, opciones de pago flexibles&#8230; son s\u00f3lo algunas de las razones por las que elegir nuestra empresa. Numerosos clientes que vuelven confirman que vamos en la buena direcci\u00f3n.<br\/><br\/>Puede que no seamos los m\u00e1s baratos, pero nuestras tarifas razonables sin cargos ocultos, junto con el m\u00e1s alto nivel de servicio, nos sit\u00faan entre las empresas con mejor relaci\u00f3n calidad-precio en el sector del alquiler de coches en la regi\u00f3n de Dubrovnik.<br\/><br\/><strong>Alquilar un coche deber\u00eda ser una experiencia agradable: \u00a1danos la oportunidad de demostr\u00e1rtelo!<\/strong><\/p>\n","protected":false},"excerpt":{"rendered":"<p>EasyRent es una empresa local y familiar con sede en Dubrovnik, pero que cubre toda la regi\u00f3n con posibilidad de recoger y devolver tu coche de alquiler en los principales centros tur\u00edsticos de Croacia y otros pa\u00edses cercanos. Como su propio nombre indica, con nuestra empresa conseguir\u00e1s tu coche de alquiler de la forma m\u00e1s&#8230;<\/p>\n","protected":false},"author":1,"featured_media":0,"parent":0,"menu_order":0,"comment_status":"closed","ping_status":"closed","template":"","meta":{"_kad_blocks_custom_css":"","_kad_blocks_head_custom_js":"","_kad_blocks_body_custom_js":"","_kad_blocks_footer_custom_js":"","_kad_post_transparent":"","_kad_post_title":"","_kad_post_layout":"","_kad_post_sidebar_id":"","_kad_post_content_style":"","_kad_post_vertical_padding":"","_kad_post_feature":"","_kad_post_feature_position":"","_kad_post_header":false,"_kad_post_footer":false,"footnotes":""},"class_list":["post-686","page","type-page","status-publish","hentry"],"taxonomy_info":[],"featured_image_src_large":false,"author_info":{"display_name":"admin","author_link":"https:\/\/dubrovnik-airport-carhire.com\/es\/author\/dubrov20_wp\/"},"comment_info":0,"_links":{"self":[{"href":"https:\/\/dubrovnik-airport-carhire.com\/es\/wp-json\/wp\/v2\/pages\/686","targetHints":{"allow":["GET"]}}],"collection":[{"href":"https:\/\/dubrovnik-airport-carhire.com\/es\/wp-json\/wp\/v2\/pages"}],"about":[{"href":"https:\/\/dubrovnik-airport-carhire.com\/es\/wp-json\/wp\/v2\/types\/page"}],"author":[{"embeddable":true,"href":"https:\/\/dubrovnik-airport-carhire.com\/es\/wp-json\/wp\/v2\/users\/1"}],"replies":[{"embeddable":true,"href":"https:\/\/dubrovnik-airport-carhire.com\/es\/wp-json\/wp\/v2\/comments?post=686"}],"version-history":[{"count":1,"href":"https:\/\/dubrovnik-airport-carhire.com\/es\/wp-json\/wp\/v2\/pages\/686\/revisions"}],"predecessor-version":[{"id":687,"href":"https:\/\/dubrovnik-airport-carhire.com\/es\/wp-json\/wp\/v2\/pages\/686\/revisions\/687"}],"wp:attachment":[{"href":"https:\/\/dubrovnik-airport-carhire.com\/es\/wp-json\/wp\/v2\/media?parent=686"}],"curies":[{"name":"wp","href":"https:\/\/api.w.org\/{rel}","templated":true}]}}